{"id":6,"date":"2024-03-23T11:17:14","date_gmt":"2024-03-23T10:17:14","guid":{"rendered":"https:\/\/www.mimiglamstudio1.ma\/?page_id=6"},"modified":"2025-02-14T17:53:22","modified_gmt":"2025-02-14T16:53:22","slug":"accueil","status":"publish","type":"page","link":"https:\/\/www.mimiglamstudio1.ma\/","title":{"rendered":"Accueil"},"content":{"rendered":"<section class=\"relative\">\n    <div\n        class=\"bg-[#ffffff40] hover:bg-[#ffffff59] transition-all h-[64px] w-[64px] next-arr-h rounded-full flex items-center justify-center absolute right-[8px] md:right-[50px] top-[calc(50%_-_32px)] z-40 cursor-pointer\">\n        <svg width=\"36\" height=\"36\" viewBox=\"0 0 36 36\" fill=\"none\" xmlns=\"http:\/\/www.w3.org\/2000\/svg\">\n            <path d=\"M13.5 9L22.5 18L13.5 27\" stroke=\"#DCBA59\" stroke-width=\"2\" stroke-linecap=\"round\"\n                stroke-linejoin=\"round\" \/>\n        <\/svg>\n    <\/div>\n    <div\n        class=\"bg-[#ffffff40] hover:bg-[#ffffff59] transition-all h-[64px] w-[64px] prev-arr-h rounded-full flex items-center justify-center absolute left-[8px] md:left-[50px] top-[calc(50%_-_32px)] z-40 cursor-pointer\">\n        <svg width=\"36\" height=\"36\" viewBox=\"0 0 36 36\" fill=\"none\" xmlns=\"http:\/\/www.w3.org\/2000\/svg\">\n            <path d=\"M22.5 9L13.5 18L22.5 27\" stroke=\"#DCBA59\" stroke-width=\"2\" stroke-linecap=\"round\"\n                stroke-linejoin=\"round\" \/>\n        <\/svg>\n    <\/div>\n    <div class=\"hero_slider\">\n                <div class=\"h-screen w-screen relative !bg-center !bg-cover\"\n            style=\"background-image:linear-gradient(180deg, rgb(0 0 0 \/ 50%)  0%, rgb(0 0 0 \/ 74%) 100%),url('https:\/\/www.mimiglamstudio1.ma\/wp-content\/uploads\/2025\/01\/image00019.jpeg ');\">\n            <div class=\"mx-auto container h-full px-[20px] min-[1100px]:px-0\">\n                <div class=\"flex flex-col items-center justify-center h-full\">\n                    <img decoding=\"async\" src=\"https:\/\/www.mimiglamstudio1.ma\/wp-content\/uploads\/2025\/01\/mimi-glam-logo.svg\"\n                        class=\"w-[160px] md:w-[240px] pb-[30px] border-b border-b-[#aa86445c]\" alt=\"Logo\">\n                    <h2\n                        class=\"font-light text-[35px] lg:text-[80px] leading-normal text-midkoukou-main w-full md:w-auto text-center font-barlow-condensed\">\n                        Expertise &#038; Cr\u00e9ativit\u00e9 en Beaut\u00e9\n                    <\/h2>\n                    <h4\n                        class=\"font-light uppercase tracking-[8px] text-[14px] text-midkoukou-main w-full md:w-auto text-center font-barlow-condensed\">\n                        Pour Tous \u00c9v\u00e9nements<\/h4>\n\n                <\/div>\n\n            <\/div>\n        <\/div>\n                <div class=\"h-screen w-screen relative !bg-center !bg-cover\"\n            style=\"background-image:linear-gradient(180deg, rgb(0 0 0 \/ 50%)  0%, rgb(0 0 0 \/ 74%) 100%),url('https:\/\/www.mimiglamstudio1.ma\/wp-content\/uploads\/2025\/02\/image00024.webp ');\">\n            <div class=\"mx-auto container h-full px-[20px] min-[1100px]:px-0\">\n                <div class=\"flex flex-col items-center justify-center h-full\">\n                    <img decoding=\"async\" src=\"https:\/\/www.mimiglamstudio1.ma\/wp-content\/uploads\/2025\/01\/mimi-glam-logo.svg\"\n                        class=\"w-[160px] md:w-[240px] pb-[30px] border-b border-b-[#aa86445c]\" alt=\"Logo\">\n                    <h2\n                        class=\"font-light text-[35px] lg:text-[80px] leading-normal text-midkoukou-main w-full md:w-auto text-center font-barlow-condensed\">\n                        Expertise &#038; Cr\u00e9ativit\u00e9 en Beaut\u00e9\n                    <\/h2>\n                    <h4\n                        class=\"font-light uppercase tracking-[8px] text-[14px] text-midkoukou-main w-full md:w-auto text-center font-barlow-condensed\">\n                        Pour Tous \u00c9v\u00e9nements<\/h4>\n\n                <\/div>\n\n            <\/div>\n        <\/div>\n                <div class=\"h-screen w-screen relative !bg-center !bg-cover\"\n            style=\"background-image:linear-gradient(180deg, rgb(0 0 0 \/ 50%)  0%, rgb(0 0 0 \/ 74%) 100%),url('https:\/\/www.mimiglamstudio1.ma\/wp-content\/uploads\/2025\/01\/image00008.jpeg ');\">\n            <div class=\"mx-auto container h-full px-[20px] min-[1100px]:px-0\">\n                <div class=\"flex flex-col items-center justify-center h-full\">\n                    <img decoding=\"async\" src=\"https:\/\/www.mimiglamstudio1.ma\/wp-content\/uploads\/2025\/01\/mimi-glam-logo.svg\"\n                        class=\"w-[160px] md:w-[240px] pb-[30px] border-b border-b-[#aa86445c]\" alt=\"Logo\">\n                    <h2\n                        class=\"font-light text-[35px] lg:text-[80px] leading-normal text-midkoukou-main w-full md:w-auto text-center font-barlow-condensed\">\n                        Expertise &#038; Cr\u00e9ativit\u00e9 en Beaut\u00e9\n                    <\/h2>\n                    <h4\n                        class=\"font-light uppercase tracking-[8px] text-[14px] text-midkoukou-main w-full md:w-auto text-center font-barlow-condensed\">\n                        Pour Tous \u00c9v\u00e9nements<\/h4>\n\n                <\/div>\n\n            <\/div>\n        <\/div>\n            <\/div>\n<\/section>\n\n<section class=\"py-[70px]\" id=\"apropos\">\n    <div class=\"mx-auto container flex lg:grid grid-cols-2 gap-[50px] px-[20px] min-[1100px]:px-0\">\n        <div>\n            <h1 class=\"text-[25px] text-midkoukou-main font-barlow-condensed \">MIMI GLAM STUDIO<\/h1>\n            <h3 class=\"text-[40px] mb-[35px] font-barlow-condensed \">R\u00e9v\u00e9lez Votre Beaut\u00e9 Unique<\/h3>\n            <div class=\"paragraph\">\n                <p>Bienvenue chez <strong>Mimi Glam Studio<\/strong>, votre partenaire incontournable pour des exp\u00e9riences beaut\u00e9 inoubliables \u00e0 Marrakech. Depuis notre lancement, nous avons \u00e0 c\u0153ur de sublimer chaque visage et de mettre en lumi\u00e8re l&rsquo;\u00e9l\u00e9gance naturelle de nos clientes.<\/p>\n<p>Notre histoire est celle d&rsquo;une \u00e9quipe passionn\u00e9e, guid\u00e9e par des valeurs d&rsquo;excellence, de cr\u00e9ativit\u00e9 et d&rsquo;un service personnalis\u00e9. Chaque coup de pinceau est une c\u00e9l\u00e9bration de votre unicit\u00e9, et chaque look est con\u00e7u pour refl\u00e9ter votre style et vos envies.<\/p>\n<p>Chez <strong>Mimi Glam Studio<\/strong>, nous croyons que chaque occasion, qu\u2019il s\u2019agisse d\u2019un mariage somptueux, d\u2019un shooting professionnel ou d\u2019un \u00e9v\u00e9nement priv\u00e9, m\u00e9rite une attention minutieuse et un maquillage impeccable. Nous proposons une gamme compl\u00e8te de services, allant du maquillage traditionnel au maquillage artistique, pour r\u00e9pondre \u00e0 toutes vos attentes.<\/p>\n<p>Explorez notre univers et laissez-nous transformer vos moments sp\u00e9ciaux en souvenirs \u00e9clatants.<\/p>\n\n            <\/div>\n        <\/div>\n        <div class=\"hidden lg:grid grid-cols-2 gap-[30px]\">\n            <div class=\"flex items-end\">\n                <img decoding=\"async\" class=\"w-full h-[400px] object-cover\" src=\"https:\/\/www.mimiglamstudio1.ma\/wp-content\/uploads\/2025\/01\/image00003.webp\" alt=\"\">\n            <\/div>\n            <div class=\"flex items-start\">\n                <img decoding=\"async\" class=\"w-full h-[400px] object-cover\" src=\"https:\/\/www.mimiglamstudio1.ma\/wp-content\/uploads\/2025\/01\/image00007.webp\" alt=\"\">\n            <\/div>\n\n        <\/div>\n\n    <\/div>\n<\/section>\n\n<section class=\"flex flex-col lg:grid grid-cols-2\" id=\"valeurs\">\n    <div class=\"h-[600px] lg:h-full bg-cover bg-center relative overflow-hidden\">\n                <video class=\"absolute top-0 left-0 w-full h-full object-cover\" autoplay loop muted playsinline>\n            <source src=\"https:\/\/www.mimiglamstudio1.ma\/wp-content\/uploads\/2025\/01\/copy_A1FB6391-C985-4A84-8FA2-763CB05085AA.mov\" type=\"video\/mp4\">\n        <\/video>\n            <\/div>\n    <div class=\"bg-midkoukou-secondary p-[30px] lg:p-[70px]\">\n        <h3 class=\"text-[40px] mb-[35px] font-barlow-condensed text-midkoukou-main\">Valeurs et engagements<\/h3>\n        <div class=\"paragraph text-[#fff]\">\n            <p>Chez <strong>Mimi Glam Studio<\/strong>, nous nous engageons \u00e0 incarner des valeurs d&rsquo;excellence, de cr\u00e9ativit\u00e9 et de professionnalisme in\u00e9gal\u00e9. Chaque coup de pinceau et chaque prestation refl\u00e8tent cet engagement. Nous croyons fermement en l\u2019importance de la beaut\u00e9 authentique et de l\u2019innovation pour offrir \u00e0 nos clientes des r\u00e9sultats qui subliment leur unicit\u00e9. En choisissant <strong>Mimi Glam Studio<\/strong>, vous optez pour une exp\u00e9rience o\u00f9 le savoir-faire rencontre la passion, et o\u00f9 chaque d\u00e9tail est soigneusement pens\u00e9 pour r\u00e9v\u00e9ler votre \u00e9clat naturel.<\/p>\n<p>Dans notre qu\u00eate d\u2019excellence, nous mettons un point d\u2019honneur \u00e0 utiliser des produits de maquillage de haute qualit\u00e9 et des marques respectueuses de votre peau et de l\u2019environnement. Notre engagement envers la durabilit\u00e9 se traduit par le choix de produits cruelty-free et \u00e9coresponsables, ainsi que par des pratiques respectueuses de notre plan\u00e8te. Chez <strong>Mimi Glam Studio<\/strong>, nous aspirons \u00e0 offrir bien plus qu\u2019un simple service de maquillage : nous voulons cr\u00e9er des exp\u00e9riences de beaut\u00e9 qui marquent les esprits et qui laissent une empreinte positive, \u00e0 la fois sur votre confiance et sur le monde qui nous entoure.<\/p>\n<p>Explorez nos valeurs et d\u00e9couvrez l\u2019essence m\u00eame de notre engagement, et laissez-nous vous accompagner dans tous vos moments d\u2019exception.<\/p>\n\n        <\/div>\n    <\/div>\n<\/section>\n\n<section class=\"py-[70px]\" id=\"services\">\n    <div class=\"container mx-auto px-[20px] min-[1100px]:px-0\">\n        <h2 class=\"text-[25px] text-midkoukou-main font-barlow-condensed text-center\">Nos Services<\/h2>\n        <h3 class=\"text-[30px] lg:text-[40px] mb-[35px] font-barlow-condensed text-center w-full lg:w-[60%] mx-auto\">D\u00e9couvrez l\u2019excellence dans chaque d\u00e9tail et laissez-vous sublimer par nos prestations sur mesure<\/h3>\n    <\/div>\n    <div class=\"container mx-auto flex flex-col lg:grid grid-cols-3 gap-[40px] px-[20px] min-[1100px]:px-0 mt-[50px]\">\n                <div class=\"bg-[#fff]\">\n            <img decoding=\"async\" class=\"h-[450px] w-full object-cover object-top\" src=\"https:\/\/www.mimiglamstudio1.ma\/wp-content\/uploads\/2025\/01\/image00022.webp\" alt=\"\">\n            <div class=\"p-[30px]\">\n                <h4 class=\"text-[25px] font-barlow-condensed mb-4\">Maquillage pour Mariages et \u00c9v\u00e9nements Sp\u00e9ciaux<\/h4>\n                <div class=\"paragraph\">\n                    Sublimez votre beaut\u00e9 pour les moments les plus importants de votre vie. Que ce soit pour un mariage, un engagement, une f\u00eate ou un gala, notre \u00e9quipe de maquilleurs professionnels cr\u00e9e des looks \u00e9l\u00e9gants et personnalis\u00e9s pour que vous brilliez sous les projecteurs. Nous adaptons chaque maquillage \u00e0 votre tenue, votre style et vos pr\u00e9f\u00e9rences.\n                <\/div>\n            <\/div>\n        <\/div>\n                <div class=\"bg-[#fff]\">\n            <img decoding=\"async\" class=\"h-[450px] w-full object-cover object-top\" src=\"https:\/\/www.mimiglamstudio1.ma\/wp-content\/uploads\/2025\/01\/image00025.webp\" alt=\"\">\n            <div class=\"p-[30px]\">\n                <h4 class=\"text-[25px] font-barlow-condensed mb-4\">Maquillage Editorial et Shooting Professionnel<\/h4>\n                <div class=\"paragraph\">\n                    Collaborons pour cr\u00e9er des looks avant-gardistes et m\u00e9morables pour vos s\u00e9ances photo, campagnes publicitaires ou d\u00e9fil\u00e9s. Gr\u00e2ce \u00e0 une expertise artistique et une connaissance des tendances, nous vous garantissons un maquillage qui met en valeur votre vision cr\u00e9ative et illumine chaque prise.\n                <\/div>\n            <\/div>\n        <\/div>\n                <div class=\"bg-[#fff]\">\n            <img decoding=\"async\" class=\"h-[450px] w-full object-cover object-top\" src=\"https:\/\/www.mimiglamstudio1.ma\/wp-content\/uploads\/2025\/01\/image00004.webp\" alt=\"\">\n            <div class=\"p-[30px]\">\n                <h4 class=\"text-[25px] font-barlow-condensed mb-4\">Ateliers Beaut\u00e9 et Conseils Personnalis\u00e9s<\/h4>\n                <div class=\"paragraph\">\n                    Apprenez \u00e0 sublimer votre beaut\u00e9 au quotidien avec nos ateliers de maquillage. Que vous soyez d\u00e9butante ou passionn\u00e9e, nos experts vous guident \u00e0 travers des techniques professionnelles adapt\u00e9es \u00e0 votre morphologie et \u00e0 votre style. Repartez avec des astuces et des conseils pour ma\u00eetriser l&rsquo;art du maquillage, du look naturel au glamour.\n                <\/div>\n            <\/div>\n        <\/div>\n            <\/div>\n<\/section>\n\n<section class=\" bg-midkoukou-secondary py-[70px]\" id=\"gallerie\">\n    <div class=\"container mx-auto px-[20px] min-[1100px]:px-0\">\n        <h2 class=\"text-[25px] text-midkoukou-main font-barlow-condensed text-center\">Notre Gallerie<\/h2>\n        <h3\n            class=\"text-[30px] lg:text-[40px] mb-[35px] font-barlow-condensed text-center text-[#fff] w-full lg:w-3\/5 mx-auto\">\n            Des moments captur\u00e9s, une passion r\u00e9v\u00e9l\u00e9e : explorez notre monde en images<\/h3>\n    <\/div>\n    <div class=\"gallery-slider-container relative mt-[50px]\">\n        <div\n            class=\"bg-[#ffffff40] hover:bg-[#ffffff59] transition-all h-[64px] w-[64px] next-arr rounded-full flex items-center justify-center absolute right-[50px] top-[calc(50%_-_32px)] z-40 cursor-pointer\">\n            <svg width=\"36\" height=\"36\" viewBox=\"0 0 36 36\" fill=\"none\" xmlns=\"http:\/\/www.w3.org\/2000\/svg\">\n                <path d=\"M13.5 9L22.5 18L13.5 27\" stroke=\"#DCBA59\" stroke-width=\"2\" stroke-linecap=\"round\"\n                    stroke-linejoin=\"round\" \/>\n            <\/svg>\n        <\/div>\n        <div\n            class=\"bg-[#ffffff40] hover:bg-[#ffffff59] transition-all h-[64px] w-[64px] prev-arr rounded-full flex items-center justify-center absolute left-[50px] top-[calc(50%_-_32px)] z-40 cursor-pointer\">\n            <svg width=\"36\" height=\"36\" viewBox=\"0 0 36 36\" fill=\"none\" xmlns=\"http:\/\/www.w3.org\/2000\/svg\">\n                <path d=\"M22.5 9L13.5 18L22.5 27\" stroke=\"#DCBA59\" stroke-width=\"2\" stroke-linecap=\"round\"\n                    stroke-linejoin=\"round\" \/>\n            <\/svg>\n        <\/div>\n        <div class=\"our-gallery-slider\">\n                        <img decoding=\"async\" class=\"!w-[300px] !h-[450px] object-cover object-center\"\n                src=\"https:\/\/www.mimiglamstudio1.ma\/wp-content\/uploads\/2025\/01\/image00001.jpeg\">\n                        <img decoding=\"async\" class=\"!w-[300px] !h-[450px] object-cover object-center\"\n                src=\"https:\/\/www.mimiglamstudio1.ma\/wp-content\/uploads\/2025\/01\/image00002.jpeg\">\n                        <img decoding=\"async\" class=\"!w-[300px] !h-[450px] object-cover object-center\"\n                src=\"https:\/\/www.mimiglamstudio1.ma\/wp-content\/uploads\/2025\/01\/image00003.jpeg\">\n                        <img decoding=\"async\" class=\"!w-[300px] !h-[450px] object-cover object-center\"\n                src=\"https:\/\/www.mimiglamstudio1.ma\/wp-content\/uploads\/2025\/01\/image00004.jpeg\">\n                        <img decoding=\"async\" class=\"!w-[300px] !h-[450px] object-cover object-center\"\n                src=\"https:\/\/www.mimiglamstudio1.ma\/wp-content\/uploads\/2025\/01\/image00005.jpeg\">\n                        <img decoding=\"async\" class=\"!w-[300px] !h-[450px] object-cover object-center\"\n                src=\"https:\/\/www.mimiglamstudio1.ma\/wp-content\/uploads\/2025\/01\/image00006.jpeg\">\n                        <img decoding=\"async\" class=\"!w-[300px] !h-[450px] object-cover object-center\"\n                src=\"https:\/\/www.mimiglamstudio1.ma\/wp-content\/uploads\/2025\/01\/image00007.jpeg\">\n                        <img decoding=\"async\" class=\"!w-[300px] !h-[450px] object-cover object-center\"\n                src=\"https:\/\/www.mimiglamstudio1.ma\/wp-content\/uploads\/2025\/01\/image00008.jpeg\">\n                        <img decoding=\"async\" class=\"!w-[300px] !h-[450px] object-cover object-center\"\n                src=\"https:\/\/www.mimiglamstudio1.ma\/wp-content\/uploads\/2025\/01\/image00009.jpeg\">\n                        <img decoding=\"async\" class=\"!w-[300px] !h-[450px] object-cover object-center\"\n                src=\"https:\/\/www.mimiglamstudio1.ma\/wp-content\/uploads\/2025\/01\/image00010.jpeg\">\n                        <img decoding=\"async\" class=\"!w-[300px] !h-[450px] object-cover object-center\"\n                src=\"https:\/\/www.mimiglamstudio1.ma\/wp-content\/uploads\/2025\/01\/image00011.jpeg\">\n                        <img decoding=\"async\" class=\"!w-[300px] !h-[450px] object-cover object-center\"\n                src=\"https:\/\/www.mimiglamstudio1.ma\/wp-content\/uploads\/2025\/01\/image00012.jpeg\">\n                        <img decoding=\"async\" class=\"!w-[300px] !h-[450px] object-cover object-center\"\n                src=\"https:\/\/www.mimiglamstudio1.ma\/wp-content\/uploads\/2025\/01\/image00013.jpeg\">\n                        <img decoding=\"async\" class=\"!w-[300px] !h-[450px] object-cover object-center\"\n                src=\"https:\/\/www.mimiglamstudio1.ma\/wp-content\/uploads\/2025\/01\/image00014.jpeg\">\n                        <img decoding=\"async\" class=\"!w-[300px] !h-[450px] object-cover object-center\"\n                src=\"https:\/\/www.mimiglamstudio1.ma\/wp-content\/uploads\/2025\/01\/image00015.jpeg\">\n                        <img decoding=\"async\" class=\"!w-[300px] !h-[450px] object-cover object-center\"\n                src=\"https:\/\/www.mimiglamstudio1.ma\/wp-content\/uploads\/2025\/01\/image00017.jpeg\">\n                        <img decoding=\"async\" class=\"!w-[300px] !h-[450px] object-cover object-center\"\n                src=\"https:\/\/www.mimiglamstudio1.ma\/wp-content\/uploads\/2025\/01\/image00019.jpeg\">\n                        <img decoding=\"async\" class=\"!w-[300px] !h-[450px] object-cover object-center\"\n                src=\"https:\/\/www.mimiglamstudio1.ma\/wp-content\/uploads\/2025\/01\/image00020-1.jpeg\">\n                        <img decoding=\"async\" class=\"!w-[300px] !h-[450px] object-cover object-center\"\n                src=\"https:\/\/www.mimiglamstudio1.ma\/wp-content\/uploads\/2025\/01\/image00021.jpeg\">\n                        <img decoding=\"async\" class=\"!w-[300px] !h-[450px] object-cover object-center\"\n                src=\"https:\/\/www.mimiglamstudio1.ma\/wp-content\/uploads\/2025\/01\/image00022.jpeg\">\n                        <img decoding=\"async\" class=\"!w-[300px] !h-[450px] object-cover object-center\"\n                src=\"https:\/\/www.mimiglamstudio1.ma\/wp-content\/uploads\/2025\/01\/image00023.jpeg\">\n                        <img decoding=\"async\" class=\"!w-[300px] !h-[450px] object-cover object-center\"\n                src=\"https:\/\/www.mimiglamstudio1.ma\/wp-content\/uploads\/2025\/01\/image00024.jpeg\">\n                        <img decoding=\"async\" class=\"!w-[300px] !h-[450px] object-cover object-center\"\n                src=\"https:\/\/www.mimiglamstudio1.ma\/wp-content\/uploads\/2025\/01\/image00025.jpeg\">\n                    <\/div>\n    <\/div>\n\n<\/section>\n\n<section class=\"flex flex-col lg:grid grid-cols-2\" id=\"faq\">\n    <div class=\"h-[600px] lg:h-full bg-cover bg-center relative overflow-hidden\">\n                <video class=\"absolute top-0 left-0 w-full h-full object-cover\" autoplay loop muted playsinline>\n            <source src=\"https:\/\/www.mimiglamstudio1.ma\/wp-content\/uploads\/2025\/01\/copy_431EEBD0-7994-470D-AD40-505B13EBE7BE.mov\" type=\"video\/mp4\">\n        <\/video>\n            <\/div>\n    <div class=\"p-[30px] lg:p-[70px]\">\n        <h3 class=\"text-[40px] mb-[35px] font-barlow-condensed text-midkoukou-main\">Questions Fr\u00e9quemment Pos\u00e9es<\/h3>\n                                <div class=\"accordion-item mb-[5px]\">\n            <div class=\"accordion-title h-[75px] bg-[#1c263014] pl-[30px] pr-[30px] flex items-center justify-between text-[13px] lg:text-[16px] cursor-pointer active\"\n                onclick=\"toggleAccordion(this)\">Quels services proposez-vous chez Mimi Glam Studio ?<\/div>\n            <div class=\"accordion-content bg-midkoukou-secondary text-[#fff] paragraph active\"><p>Chez <strong>Mimi Glam Studio<\/strong>, nous proposons une gamme compl\u00e8te de services, notamment le maquillage pour mariages et \u00e9v\u00e9nements sp\u00e9ciaux, le maquillage \u00e9ditorial et professionnel pour les shootings, ainsi que des ateliers de maquillage personnalis\u00e9s pour vous aider \u00e0 ma\u00eetriser vos looks au quotidien.<\/p><\/div>\n        <\/div>\n                        <div class=\"accordion-item mb-[5px]\">\n            <div class=\"accordion-title h-[75px] bg-[#1c263014] pl-[30px] pr-[30px] flex items-center justify-between text-[13px] lg:text-[16px] cursor-pointer \"\n                onclick=\"toggleAccordion(this)\">Est-ce que vous vous d\u00e9placez \u00e0 domicile ou sur les lieux d\u2019un \u00e9v\u00e9nement ?<\/div>\n            <div class=\"accordion-content bg-midkoukou-secondary text-[#fff] paragraph \"><p>Oui, nous nous d\u00e9pla\u00e7ons \u00e0 domicile ou sur le lieu de votre \u00e9v\u00e9nement pour vous offrir un service personnalis\u00e9 et garantir votre confort.<\/p><\/div>\n        <\/div>\n                        <div class=\"accordion-item mb-[5px]\">\n            <div class=\"accordion-title h-[75px] bg-[#1c263014] pl-[30px] pr-[30px] flex items-center justify-between text-[13px] lg:text-[16px] cursor-pointer \"\n                onclick=\"toggleAccordion(this)\">Quels types de produits utilisez-vous ?<\/div>\n            <div class=\"accordion-content bg-midkoukou-secondary text-[#fff] paragraph \"><p>Nous utilisons des produits de haute qualit\u00e9, principalement cruelty-free et \u00e9coresponsables, provenant de marques reconnues pour leur excellence et leur respect de la peau.<\/p><\/div>\n        <\/div>\n                        <div class=\"accordion-item mb-[5px]\">\n            <div class=\"accordion-title h-[75px] bg-[#1c263014] pl-[30px] pr-[30px] flex items-center justify-between text-[13px] lg:text-[16px] cursor-pointer \"\n                onclick=\"toggleAccordion(this)\">Combien de temps \u00e0 l\u2019avance dois-je r\u00e9server ?<\/div>\n            <div class=\"accordion-content bg-midkoukou-secondary text-[#fff] paragraph \"><p>Nous vous recommandons de r\u00e9server d\u00e8s que possible, surtout pour les mariages ou \u00e9v\u00e9nements sp\u00e9ciaux, afin de garantir notre disponibilit\u00e9 \u00e0 la date souhait\u00e9e.<\/p><\/div>\n        <\/div>\n                        <div class=\"accordion-item mb-[5px]\">\n            <div class=\"accordion-title h-[75px] bg-[#1c263014] pl-[30px] pr-[30px] flex items-center justify-between text-[13px] lg:text-[16px] cursor-pointer \"\n                onclick=\"toggleAccordion(this)\">Proposez-vous des essais maquillage avant un mariage ?<\/div>\n            <div class=\"accordion-content bg-midkoukou-secondary text-[#fff] paragraph \"><p>Oui, nous offrons des s\u00e9ances d\u2019essai pour les mari\u00e9es afin de d\u00e9finir le look parfait et de vous assurer un r\u00e9sultat qui correspond \u00e0 vos attentes le jour J.<\/p><\/div>\n        <\/div>\n                        <div class=\"accordion-item mb-[5px]\">\n            <div class=\"accordion-title h-[75px] bg-[#1c263014] pl-[30px] pr-[30px] flex items-center justify-between text-[13px] lg:text-[16px] cursor-pointer \"\n                onclick=\"toggleAccordion(this)\">Puis-je offrir un atelier maquillage en cadeau ?<\/div>\n            <div class=\"accordion-content bg-midkoukou-secondary text-[#fff] paragraph \"><p>Absolument ! Nous proposons des cartes cadeaux personnalis\u00e9es pour nos ateliers de maquillage. Une id\u00e9e parfaite pour surprendre vos proches avec une exp\u00e9rience unique.<\/p><\/div>\n        <\/div>\n            <\/div>\n<\/section>","protected":false},"excerpt":{"rendered":"","protected":false},"author":2,"featured_media":0,"parent":0,"menu_order":0,"comment_status":"closed","ping_status":"closed","template":"","meta":{"inline_featured_image":false,"footnotes":""},"class_list":["post-6","page","type-page","status-publish","hentry"],"_links":{"self":[{"href":"https:\/\/www.mimiglamstudio1.ma\/index.php\/wp-json\/wp\/v2\/pages\/6"}],"collection":[{"href":"https:\/\/www.mimiglamstudio1.ma\/index.php\/wp-json\/wp\/v2\/pages"}],"about":[{"href":"https:\/\/www.mimiglamstudio1.ma\/index.php\/wp-json\/wp\/v2\/types\/page"}],"author":[{"embeddable":true,"href":"https:\/\/www.mimiglamstudio1.ma\/index.php\/wp-json\/wp\/v2\/users\/2"}],"replies":[{"embeddable":true,"href":"https:\/\/www.mimiglamstudio1.ma\/index.php\/wp-json\/wp\/v2\/comments?post=6"}],"version-history":[{"count":10,"href":"https:\/\/www.mimiglamstudio1.ma\/index.php\/wp-json\/wp\/v2\/pages\/6\/revisions"}],"predecessor-version":[{"id":159,"href":"https:\/\/www.mimiglamstudio1.ma\/index.php\/wp-json\/wp\/v2\/pages\/6\/revisions\/159"}],"wp:attachment":[{"href":"https:\/\/www.mimiglamstudio1.ma\/index.php\/wp-json\/wp\/v2\/media?parent=6"}],"curies":[{"name":"wp","href":"https:\/\/api.w.org\/{rel}","templated":true}]}}